{"id":1533,"date":"2025-12-19T16:31:31","date_gmt":"2025-12-19T16:31:31","guid":{"rendered":"https:\/\/atlas-luxe.com\/blog\/"},"modified":"2026-01-13T01:11:13","modified_gmt":"2026-01-13T01:11:13","slug":"blog","status":"publish","type":"page","link":"https:\/\/atlas-luxe.com\/en\/blog\/","title":{"rendered":"Blog"},"content":{"rendered":"\t\t<div data-elementor-type=\"wp-page\" data-elementor-id=\"1533\" class=\"elementor elementor-1533 elementor-896\">\n\t\t\t\t<div class=\"elementor-element elementor-element-b60e7c6 e-flex e-con-boxed jltma-glass-effect-no wpr-particle-no wpr-jarallax-no wpr-parallax-no wpr-sticky-section-no e-con e-parent\" data-id=\"b60e7c6\" data-element_type=\"container\" data-e-type=\"container\" data-settings=\"{&quot;background_background&quot;:&quot;classic&quot;}\">\n\t\t\t\t\t<div class=\"e-con-inner\">\n\t\t<div class=\"elementor-element elementor-element-254ae5e e-con-full e-flex jltma-glass-effect-no wpr-particle-no wpr-jarallax-no wpr-parallax-no wpr-sticky-section-no e-con e-child\" data-id=\"254ae5e\" data-element_type=\"container\" data-e-type=\"container\">\n\t\t\t\t<div class=\"elementor-element elementor-element-b4ff464 jltma-glass-effect-no exad-sticky-section-no exad-glass-effect-no elementor-widget elementor-widget-heading\" data-id=\"b4ff464\" data-element_type=\"widget\" data-e-type=\"widget\" data-widget_type=\"heading.default\">\n\t\t\t\t\t<h1 class=\"elementor-heading-title elementor-size-default\">Collectible Destinations<\/h1>\t\t\t\t<\/div>\n\t\t\t\t<div class=\"elementor-element elementor-element-78b5bbd jltma-glass-effect-no exad-sticky-section-no exad-glass-effect-no elementor-widget elementor-widget-text-editor\" data-id=\"78b5bbd\" data-element_type=\"widget\" data-e-type=\"widget\" data-widget_type=\"text-editor.default\">\n\t\t\t\t\t\t\t\t\t<p data-start=\"794\" data-end=\"899\"><strong data-start=\"424\" data-end=\"450\">Collectible Destinations<\/strong> is about feeling and understanding the places we visit.<br data-start=\"513\" data-end=\"516\">It&#8217;s about cultures, traditions, and details that give meaning to each journey. The articles in this section explore the essential elements of our circuits \u2013 not as mere stops on the map, but as lived, explained, and embraced experiences. <\/p>\t\t\t\t\t\t\t\t<\/div>\n\t\t\t\t<\/div>\n\t\t\t\t\t<\/div>\n\t\t\t\t<\/div>\n\t\t<div class=\"elementor-element elementor-element-f4378f1 e-flex e-con-boxed jltma-glass-effect-no wpr-particle-no wpr-jarallax-no wpr-parallax-no wpr-sticky-section-no e-con e-parent\" data-id=\"f4378f1\" data-element_type=\"container\" data-e-type=\"container\">\n\t\t\t\t\t<div class=\"e-con-inner\">\n\t\t\t\t<div class=\"elementor-element elementor-element-f844a08 wpr-grid-columns-3 wpr-grid-columns--tablet2 wpr-grid-columns--mobile1 wpr-grid-pagination-center wpr-item-styles-inner jltma-glass-effect-no exad-sticky-section-no exad-glass-effect-no elementor-widget elementor-widget-wpr-grid\" data-id=\"f844a08\" data-element_type=\"widget\" data-e-type=\"widget\" data-widget_type=\"wpr-grid.default\">\n\t\t\t\t\t<ul class=\"wpr-grid-filters elementor-clearfix wpr-grid-filters-sep-right\"><li class=\" wpr-pointer-none wpr-pointer-line-fx wpr-pointer-fx-none\"><span  data-filter=\"*\" class=\"wpr-grid-filters-item wpr-active-filter \">All Posts<\/span><em class=\"wpr-grid-filters-sep\"><\/em><\/li><li class=\" wpr-pointer-none wpr-pointer-line-fx wpr-pointer-fx-none\"><span   data-ajax-filter=[\"category\",\"international\"]  data-filter=\".category-international\">INTERNATIONAL<\/span><em class=\"wpr-grid-filters-sep\"><\/em><\/li><li class=\" wpr-pointer-none wpr-pointer-line-fx wpr-pointer-fx-none\"><span   data-ajax-filter=[\"category\",\"romania\"]  data-filter=\".category-romania\">ROMANIA<\/span><em class=\"wpr-grid-filters-sep\"><\/em><\/li><\/ul><section class=\"wpr-grid elementor-clearfix\" data-settings=\"{&quot;layout&quot;:&quot;fitRows&quot;,&quot;stick_last_element_to_bottom&quot;:&quot;&quot;,&quot;columns_desktop&quot;:3,&quot;gutter_hr&quot;:15,&quot;gutter_hr_mobile&quot;:15,&quot;gutter_hr_mobile_extra&quot;:15,&quot;gutter_hr_tablet&quot;:15,&quot;gutter_hr_tablet_extra&quot;:15,&quot;gutter_hr_laptop&quot;:15,&quot;gutter_hr_widescreen&quot;:15,&quot;gutter_vr&quot;:15,&quot;gutter_vr_mobile&quot;:15,&quot;gutter_vr_mobile_extra&quot;:15,&quot;gutter_vr_tablet&quot;:15,&quot;gutter_vr_tablet_extra&quot;:15,&quot;gutter_vr_laptop&quot;:15,&quot;gutter_vr_widescreen&quot;:15,&quot;animation&quot;:&quot;default&quot;,&quot;animation_duration&quot;:0.299999999999999988897769753748434595763683319091796875,&quot;animation_delay&quot;:0.1000000000000000055511151231257827021181583404541015625,&quot;deeplinking&quot;:&quot;&quot;,&quot;filters_linkable&quot;:&quot;no&quot;,&quot;filters_default_filter&quot;:&quot;&quot;,&quot;filters_count&quot;:&quot;&quot;,&quot;filters_hide_empty&quot;:&quot;no&quot;,&quot;filters_animation&quot;:&quot;default&quot;,&quot;filters_animation_duration&quot;:0.299999999999999988897769753748434595763683319091796875,&quot;filters_animation_delay&quot;:0.1000000000000000055511151231257827021181583404541015625,&quot;pagination_type&quot;:&quot;load-more&quot;,&quot;pagination_max_pages&quot;:1,&quot;lightbox&quot;:{&quot;selector&quot;:&quot;.wpr-grid-image-wrap&quot;,&quot;iframeMaxWidth&quot;:&quot;60%&quot;,&quot;hash&quot;:false,&quot;autoplay&quot;:&quot;true&quot;,&quot;pause&quot;:5000,&quot;progressBar&quot;:&quot;true&quot;,&quot;counter&quot;:&quot;true&quot;,&quot;controls&quot;:&quot;true&quot;,&quot;getCaptionFromTitleOrAlt&quot;:&quot;true&quot;,&quot;thumbnail&quot;:&quot;&quot;,&quot;showThumbByDefault&quot;:&quot;&quot;,&quot;share&quot;:&quot;&quot;,&quot;zoom&quot;:&quot;true&quot;,&quot;fullScreen&quot;:&quot;true&quot;,&quot;download&quot;:&quot;true&quot;}}\" data-advanced-filters=\"no\"><article class=\"wpr-grid-item elementor-clearfix post-2348 post type-post status-publish format-standard has-post-thumbnail hentry category-international\"><div class=\"wpr-grid-item-inner\"><div class=\"wpr-grid-media-wrap wpr-effect-size-medium \" data-overlay-link=\"yes\"><div class=\"wpr-grid-image-wrap\" data-src=\"data:image\/svg+xml;base64,PHN2ZyB4bWxucz0iaHR0cDovL3d3dy53My5vcmcvMjAwMC9zdmciIHZpZXdCb3g9IjAgMCAxIDEiIHdpZHRoPSIxIiBoZWlnaHQ9IjEiIGRhdGEtdT0iaHR0cHMlM0ElMkYlMkZhdGxhcy1sdXhlLmNvbSUyRndwLWNvbnRlbnQlMkZ1cGxvYWRzJTJGMjAyNiUyRjAxJTJGTmF0aW9uYWxHZW9ncmFwaGljXzEzNTUzNDgtc2NhbGVkLmF2aWYiIGRhdGEtdz0iMSIgZGF0YS1oPSIxIiBkYXRhLWJpcD0iIj48L3N2Zz4=\" data-spai=\"1\" data-img-on-hover=\"\"  data-src-secondary=\"\"><img decoding=\"async\" data-no-lazy=\"1\" src=\"data:image\/svg+xml;base64,PHN2ZyB4bWxucz0iaHR0cDovL3d3dy53My5vcmcvMjAwMC9zdmciIHZpZXdCb3g9IjAgMCAxIDEiIHdpZHRoPSIxIiBoZWlnaHQ9IjEiIGRhdGEtdT0iaHR0cHMlM0ElMkYlMkZhdGxhcy1sdXhlLmNvbSUyRndwLWNvbnRlbnQlMkZ1cGxvYWRzJTJGMjAyNiUyRjAxJTJGTmF0aW9uYWxHZW9ncmFwaGljXzEzNTUzNDgtc2NhbGVkLmF2aWYiIGRhdGEtdz0iMSIgZGF0YS1oPSIxIiBkYXRhLWJpcD0iIj48L3N2Zz4=\" data-spai=\"1\" alt=\"D\u00eda de los Muertos \u2013 Death Transformed into Celebration\" class=\"wpr-anim-timing-ease-default\"><noscript data-spai=\"1\"><img decoding=\"async\" data-no-lazy=\"1\" src=\"https:\/\/cdn.shortpixel.ai\/spai\/ret_img\/atlas-luxe.com\/wp-content\/uploads\/2026\/01\/NationalGeographic_1355348-scaled.avif\" data-spai-egr=\"1\" alt=\"D\u00eda de los Muertos \u2013 Death Transformed into Celebration\" class=\"wpr-anim-timing-ease-default\"><\/noscript><\/div><div class=\"wpr-grid-media-hover wpr-animation-wrap\"><div class=\"wpr-grid-media-hover-bg  wpr-overlay-fade-in wpr-anim-size-large wpr-anim-timing-ease-default wpr-anim-transparency\" data-url=\"https:\/\/atlas-luxe.com\/en\/2026\/01\/12\/dia-de-los-muertos-death-transformed-into-celebration\/\"><\/div><\/div><\/div><div class=\"wpr-grid-item-below-content elementor-clearfix\"><h2 class=\"wpr-grid-item-title elementor-repeater-item-e972136 wpr-grid-item-display-block wpr-grid-item-align-left wpr-pointer-none wpr-pointer-line-fx wpr-pointer-fx-fade\"><div class=\"inner-block\"><a target=\"_self\"  href=\"https:\/\/atlas-luxe.com\/en\/2026\/01\/12\/dia-de-los-muertos-death-transformed-into-celebration\/\">D\u00eda de los Muertos \u2013 Death Transformed into Celebration<\/a><\/div><\/h2><div class=\"wpr-grid-item-date elementor-repeater-item-09c16a3 wpr-grid-item-display-inline wpr-grid-item-align-left\"><div class=\"inner-block\"><span>January 12, 2026<span class=\"wpr-grid-extra-text-right\">\/<\/span><\/span><\/div><\/div><div class=\"wpr-grid-item-excerpt elementor-repeater-item-013504f wpr-grid-item-display-block wpr-grid-item-align-left\"><div class=\"inner-block\"><p>D\u00eda de los Muertos is the celebration where longing turns into reunion. A living tradition, passed down from generation to...<\/p><\/div><\/div><div class=\"wpr-grid-item-read-more elementor-repeater-item-0175a8e wpr-grid-item-display-block wpr-grid-item-align-left\"><div class=\"inner-block\"><a target=\"_self\" href=\"https:\/\/atlas-luxe.com\/en\/2026\/01\/12\/dia-de-los-muertos-death-transformed-into-celebration\/\" class=\"wpr-button-effect wpr-button-none\"><span>Read More<\/span><\/a><\/div><\/div><\/div><\/div><\/article><article class=\"wpr-grid-item elementor-clearfix post-1600 post type-post status-publish format-standard has-post-thumbnail hentry category-romania\"><div class=\"wpr-grid-item-inner\"><div class=\"wpr-grid-media-wrap wpr-effect-size-medium \" data-overlay-link=\"yes\"><div class=\"wpr-grid-image-wrap\" data-src=\"data:image\/svg+xml;base64,PHN2ZyB4bWxucz0iaHR0cDovL3d3dy53My5vcmcvMjAwMC9zdmciIHZpZXdCb3g9IjAgMCAxMjgwIDg1MyIgd2lkdGg9IjEyODAiIGhlaWdodD0iODUzIiBkYXRhLXU9Imh0dHBzJTNBJTJGJTJGYXRsYXMtbHV4ZS5jb20lMkZ3cC1jb250ZW50JTJGdXBsb2FkcyUyRjIwMjUlMkYxMiUyRnBpZXRyZWxlLWRvYW1uZWktMjAyMTkyXzEyODAuanBnIiBkYXRhLXc9IjEyODAiIGRhdGEtaD0iODUzIiBkYXRhLWJpcD0iIj48L3N2Zz4=\" data-spai=\"1\" data-img-on-hover=\"\"  data-src-secondary=\"\"><img decoding=\"async\" data-no-lazy=\"1\" src=\"data:image\/svg+xml;base64,PHN2ZyB4bWxucz0iaHR0cDovL3d3dy53My5vcmcvMjAwMC9zdmciIHZpZXdCb3g9IjAgMCAxMjgwIDg1MyIgd2lkdGg9IjEyODAiIGhlaWdodD0iODUzIiBkYXRhLXU9Imh0dHBzJTNBJTJGJTJGYXRsYXMtbHV4ZS5jb20lMkZ3cC1jb250ZW50JTJGdXBsb2FkcyUyRjIwMjUlMkYxMiUyRnBpZXRyZWxlLWRvYW1uZWktMjAyMTkyXzEyODAuanBnIiBkYXRhLXc9IjEyODAiIGRhdGEtaD0iODUzIiBkYXRhLWJpcD0iIj48L3N2Zz4=\" data-spai=\"1\" alt=\"Coloane de st\u00e2nc\u0103 spectaculoas\u0103 \u00een mun\u021bii Atlas, priveli\u0219te impresionant\u0103 a naturii din Maroc.\" class=\"wpr-anim-timing-ease-default\"><noscript data-spai=\"1\"><img decoding=\"async\" data-no-lazy=\"1\" src=\"https:\/\/cdn.shortpixel.ai\/spai\/q_lossy+ret_img+to_auto\/atlas-luxe.com\/wp-content\/uploads\/2025\/12\/pietrele-doamnei-202192_1280.jpg\" data-spai-egr=\"1\" alt=\"Coloane de st\u00e2nc\u0103 spectaculoas\u0103 \u00een mun\u021bii Atlas, priveli\u0219te impresionant\u0103 a naturii din Maroc.\" class=\"wpr-anim-timing-ease-default\"><\/noscript><\/div><div class=\"wpr-grid-media-hover wpr-animation-wrap\"><div class=\"wpr-grid-media-hover-bg  wpr-overlay-fade-in wpr-anim-size-large wpr-anim-timing-ease-default wpr-anim-transparency\" data-url=\"https:\/\/atlas-luxe.com\/en\/2025\/12\/20\/why-visit-romania-10-reasons-this-country-will-profoundly-surprise-you\/\"><\/div><\/div><\/div><div class=\"wpr-grid-item-below-content elementor-clearfix\"><h2 class=\"wpr-grid-item-title elementor-repeater-item-e972136 wpr-grid-item-display-block wpr-grid-item-align-left wpr-pointer-none wpr-pointer-line-fx wpr-pointer-fx-fade\"><div class=\"inner-block\"><a target=\"_self\"  href=\"https:\/\/atlas-luxe.com\/en\/2025\/12\/20\/why-visit-romania-10-reasons-this-country-will-profoundly-surprise-you\/\">Why Visit Romania \u2013 10 Reasons This Country Will Profoundly Surprise You<\/a><\/div><\/h2><div class=\"wpr-grid-item-date elementor-repeater-item-09c16a3 wpr-grid-item-display-inline wpr-grid-item-align-left\"><div class=\"inner-block\"><span>December 20, 2025<span class=\"wpr-grid-extra-text-right\">\/<\/span><\/span><\/div><\/div><div class=\"wpr-grid-item-excerpt elementor-repeater-item-013504f wpr-grid-item-display-block wpr-grid-item-align-left\"><div class=\"inner-block\"><p>Romania is not a destination easily explained in a few images or slogans. It is a country that is discovered...<\/p><\/div><\/div><div class=\"wpr-grid-item-read-more elementor-repeater-item-0175a8e wpr-grid-item-display-block wpr-grid-item-align-left\"><div class=\"inner-block\"><a target=\"_self\" href=\"https:\/\/atlas-luxe.com\/en\/2025\/12\/20\/why-visit-romania-10-reasons-this-country-will-profoundly-surprise-you\/\" class=\"wpr-button-effect wpr-button-none\"><span>Read More<\/span><\/a><\/div><\/div><\/div><\/div><\/article><article class=\"wpr-grid-item elementor-clearfix post-1598 post type-post status-publish format-standard has-post-thumbnail hentry\"><div class=\"wpr-grid-item-inner\"><div class=\"wpr-grid-media-wrap wpr-effect-size-medium \" data-overlay-link=\"yes\"><div class=\"wpr-grid-image-wrap\" data-src=\"data:image\/svg+xml;base64,PHN2ZyB4bWxucz0iaHR0cDovL3d3dy53My5vcmcvMjAwMC9zdmciIHZpZXdCb3g9IjAgMCAxMDAwIDY2NyIgd2lkdGg9IjEwMDAiIGhlaWdodD0iNjY3IiBkYXRhLXU9Imh0dHBzJTNBJTJGJTJGYXRsYXMtbHV4ZS5jb20lMkZ3cC1jb250ZW50JTJGdXBsb2FkcyUyRjIwMjUlMkYxMiUyRjIxNTA3NDM5MzguanBnIiBkYXRhLXc9IjEwMDAiIGRhdGEtaD0iNjY3IiBkYXRhLWJpcD0iIj48L3N2Zz4=\" data-spai=\"1\" data-img-on-hover=\"\"  data-src-secondary=\"\"><img decoding=\"async\" data-no-lazy=\"1\" src=\"data:image\/svg+xml;base64,PHN2ZyB4bWxucz0iaHR0cDovL3d3dy53My5vcmcvMjAwMC9zdmciIHZpZXdCb3g9IjAgMCAxMDAwIDY2NyIgd2lkdGg9IjEwMDAiIGhlaWdodD0iNjY3IiBkYXRhLXU9Imh0dHBzJTNBJTJGJTJGYXRsYXMtbHV4ZS5jb20lMkZ3cC1jb250ZW50JTJGdXBsb2FkcyUyRjIwMjUlMkYxMiUyRjIxNTA3NDM5MzguanBnIiBkYXRhLXc9IjEwMDAiIGRhdGEtaD0iNjY3IiBkYXRhLWJpcD0iIj48L3N2Zz4=\" data-spai=\"1\" alt=\"Castel medieval \u00een Mun\u021bii Carpa\u021bi, peisaj panoramic, istorie \u0219i natur\u0103 din Rom\u00e2nia.\" class=\"wpr-anim-timing-ease-default\"><noscript data-spai=\"1\"><img decoding=\"async\" data-no-lazy=\"1\" src=\"https:\/\/cdn.shortpixel.ai\/spai\/q_lossy+ret_img+to_auto\/atlas-luxe.com\/wp-content\/uploads\/2025\/12\/2150743938.jpg\" data-spai-egr=\"1\" alt=\"Castel medieval \u00een Mun\u021bii Carpa\u021bi, peisaj panoramic, istorie \u0219i natur\u0103 din Rom\u00e2nia.\" class=\"wpr-anim-timing-ease-default\"><\/noscript><\/div><div class=\"wpr-grid-media-hover wpr-animation-wrap\"><div class=\"wpr-grid-media-hover-bg  wpr-overlay-fade-in wpr-anim-size-large wpr-anim-timing-ease-default wpr-anim-transparency\" data-url=\"https:\/\/atlas-luxe.com\/en\/2025\/12\/20\/authentic-romania-where-taste-faith-and-tradition-tell-the-same-story\/\"><\/div><\/div><\/div><div class=\"wpr-grid-item-below-content elementor-clearfix\"><h2 class=\"wpr-grid-item-title elementor-repeater-item-e972136 wpr-grid-item-display-block wpr-grid-item-align-left wpr-pointer-none wpr-pointer-line-fx wpr-pointer-fx-fade\"><div class=\"inner-block\"><a target=\"_self\"  href=\"https:\/\/atlas-luxe.com\/en\/2025\/12\/20\/authentic-romania-where-taste-faith-and-tradition-tell-the-same-story\/\">Authentic Romania \u2013 where taste, faith, and tradition tell the same story<\/a><\/div><\/h2><div class=\"wpr-grid-item-date elementor-repeater-item-09c16a3 wpr-grid-item-display-inline wpr-grid-item-align-left\"><div class=\"inner-block\"><span>December 20, 2025<span class=\"wpr-grid-extra-text-right\">\/<\/span><\/span><\/div><\/div><div class=\"wpr-grid-item-excerpt elementor-repeater-item-013504f wpr-grid-item-display-block wpr-grid-item-align-left\"><div class=\"inner-block\"><p>There are places in the world that are visited and places that are felt. Romania, especially its North, belongs to...<\/p><\/div><\/div><div class=\"wpr-grid-item-read-more elementor-repeater-item-0175a8e wpr-grid-item-display-block wpr-grid-item-align-left\"><div class=\"inner-block\"><a target=\"_self\" href=\"https:\/\/atlas-luxe.com\/en\/2025\/12\/20\/authentic-romania-where-taste-faith-and-tradition-tell-the-same-story\/\" class=\"wpr-button-effect wpr-button-none\"><span>Read More<\/span><\/a><\/div><\/div><\/div><\/div><\/article><article class=\"wpr-grid-item elementor-clearfix post-1596 post type-post status-publish format-standard has-post-thumbnail hentry\"><div class=\"wpr-grid-item-inner\"><div class=\"wpr-grid-media-wrap wpr-effect-size-medium \" data-overlay-link=\"yes\"><div class=\"wpr-grid-image-wrap\" data-src=\"data:image\/svg+xml;base64,PHN2ZyB4bWxucz0iaHR0cDovL3d3dy53My5vcmcvMjAwMC9zdmciIHZpZXdCb3g9IjAgMCAxMjgwIDY2MSIgd2lkdGg9IjEyODAiIGhlaWdodD0iNjYxIiBkYXRhLXU9Imh0dHBzJTNBJTJGJTJGYXRsYXMtbHV4ZS5jb20lMkZ3cC1jb250ZW50JTJGdXBsb2FkcyUyRjIwMjUlMkYxMiUyRm1vdW50YWluLTg5MjA0MDdfMTI4MC5qcGciIGRhdGEtdz0iMTI4MCIgZGF0YS1oPSI2NjEiIGRhdGEtYmlwPSIiPjwvc3ZnPg==\" data-spai=\"1\" data-img-on-hover=\"\"  data-src-secondary=\"\"><img decoding=\"async\" data-no-lazy=\"1\" src=\"data:image\/svg+xml;base64,PHN2ZyB4bWxucz0iaHR0cDovL3d3dy53My5vcmcvMjAwMC9zdmciIHZpZXdCb3g9IjAgMCAxMjgwIDY2MSIgd2lkdGg9IjEyODAiIGhlaWdodD0iNjYxIiBkYXRhLXU9Imh0dHBzJTNBJTJGJTJGYXRsYXMtbHV4ZS5jb20lMkZ3cC1jb250ZW50JTJGdXBsb2FkcyUyRjIwMjUlMkYxMiUyRm1vdW50YWluLTg5MjA0MDdfMTI4MC5qcGciIGRhdGEtdz0iMTI4MCIgZGF0YS1oPSI2NjEiIGRhdGEtYmlwPSIiPjwvc3ZnPg==\" data-spai=\"1\" alt=\"Podul spectaculos de munte \u00een apropierea Alps-ului, pe traseu serpuitor \u00een peisaj natural impresionant.\" class=\"wpr-anim-timing-ease-default\"><noscript data-spai=\"1\"><img decoding=\"async\" data-no-lazy=\"1\" src=\"https:\/\/cdn.shortpixel.ai\/spai\/q_lossy+ret_img+to_auto\/atlas-luxe.com\/wp-content\/uploads\/2025\/12\/mountain-8920407_1280.jpg\" data-spai-egr=\"1\" alt=\"Podul spectaculos de munte \u00een apropierea Alps-ului, pe traseu serpuitor \u00een peisaj natural impresionant.\" class=\"wpr-anim-timing-ease-default\"><\/noscript><\/div><div class=\"wpr-grid-media-hover wpr-animation-wrap\"><div class=\"wpr-grid-media-hover-bg  wpr-overlay-fade-in wpr-anim-size-large wpr-anim-timing-ease-default wpr-anim-transparency\" data-url=\"https:\/\/atlas-luxe.com\/en\/2025\/12\/20\/the-beauties-of-romanias-medieval-areas-a-journey-through-time-stone-and-legend\/\"><\/div><\/div><\/div><div class=\"wpr-grid-item-below-content elementor-clearfix\"><h2 class=\"wpr-grid-item-title elementor-repeater-item-e972136 wpr-grid-item-display-block wpr-grid-item-align-left wpr-pointer-none wpr-pointer-line-fx wpr-pointer-fx-fade\"><div class=\"inner-block\"><a target=\"_self\"  href=\"https:\/\/atlas-luxe.com\/en\/2025\/12\/20\/the-beauties-of-romanias-medieval-areas-a-journey-through-time-stone-and-legend\/\">The Beauties of Romania&#8217;s Medieval Areas \u2013 A Journey Through Time, Stone, and Legend<\/a><\/div><\/h2><div class=\"wpr-grid-item-date elementor-repeater-item-09c16a3 wpr-grid-item-display-inline wpr-grid-item-align-left\"><div class=\"inner-block\"><span>December 20, 2025<span class=\"wpr-grid-extra-text-right\">\/<\/span><\/span><\/div><\/div><div class=\"wpr-grid-item-excerpt elementor-repeater-item-013504f wpr-grid-item-display-block wpr-grid-item-align-left\"><div class=\"inner-block\"><p>Beyond its spectacular natural landscapes, Romania hides a rare and profound heritage: authentic medieval areas where history is not just...<\/p><\/div><\/div><div class=\"wpr-grid-item-read-more elementor-repeater-item-0175a8e wpr-grid-item-display-block wpr-grid-item-align-left\"><div class=\"inner-block\"><a target=\"_self\" href=\"https:\/\/atlas-luxe.com\/en\/2025\/12\/20\/the-beauties-of-romanias-medieval-areas-a-journey-through-time-stone-and-legend\/\" class=\"wpr-button-effect wpr-button-none\"><span>Read More<\/span><\/a><\/div><\/div><\/div><\/div><\/article><\/section>\t\t\t\t<\/div>\n\t\t\t\t\t<\/div>\n\t\t\t\t<\/div>\n\t\t<div class=\"elementor-element elementor-element-61bf760 e-flex e-con-boxed jltma-glass-effect-no wpr-particle-no wpr-jarallax-no wpr-parallax-no wpr-sticky-section-no e-con e-parent\" data-id=\"61bf760\" data-element_type=\"container\" data-e-type=\"container\">\n\t\t\t\t\t<div class=\"e-con-inner\">\n\t\t\t\t\t<\/div>\n\t\t\t\t<\/div>\n\t\t\t\t<\/div>\n\t\t\n    <div class=\"xs_social_share_widget xs_share_url after_content \t\tmain_content  wslu-style-1 wslu-share-box-shaped wslu-fill-colored wslu-none wslu-share-horizontal wslu-theme-font-no wslu-main_content\">\n\n\t\t\n        <ul>\n\t\t\t        <\/ul>\n    <\/div> \n","protected":false},"excerpt":{"rendered":"<p>Collectible Destinations Collectible Destinations is about feeling and understanding the places we visit.It&#8217;s about cultures, traditions, and details that give meaning to each journey. The articles in this section explore the essential elements of our circuits \u2013 not as mere stops on the map, but as lived, explained, and embraced experiences. All Posts INTERNATIONAL ROMANIA D\u00eda de los Muertos \u2013 Moartea transformat\u0103 \u00een s\u0103rb\u0103toare ianuarie 12, 2026\/ D\u00eda de los Muertos este s\u0103rb\u0103toarea \u00een care dorul se transform\u0103 \u00een re\u00eent\u00e2lnire. O tradi\u021bie vie, transmis\u0103 din genera\u021bie \u00een&#8230; Read More De ce s\u0103 vii \u00een Rom\u00e2nia \u2013 10 motive pentru care aceast\u0103 \u021bar\u0103 te va surprinde profund decembrie 20, 2025\/ Rom\u00e2nia nu este o destina\u021bie care se explic\u0103 u\u0219or \u00een c\u00e2teva imagini sau sloganuri. Este o \u021bar\u0103 care se descoper\u0103&#8230; Read More Rom\u00e2nia autentic\u0103 \u2013 acolo unde gustul, credin\u021ba \u0219i tradi\u021bia spun aceea\u0219i poveste decembrie 20, 2025\/ Exist\u0103 locuri \u00een lume care se viziteaz\u0103 \u0219i locuri care se simt. Rom\u00e2nia, \u00een special Nordul ei, face parte din&#8230; Read More Frumuse\u021bile zonelor medievale din Rom\u00e2nia \u2013 o c\u0103l\u0103torie prin timp, piatr\u0103 \u0219i legend\u0103 decembrie 20, 2025\/ Rom\u00e2nia ascunde, dincolo de peisajele sale naturale spectaculoase, o mo\u0219tenire rar\u0103 \u0219i profund\u0103: zone medievale autentice, \u00een care istoria nu&#8230; Read More<\/p>\n","protected":false},"author":1,"featured_media":0,"parent":0,"menu_order":0,"comment_status":"closed","ping_status":"closed","template":"elementor_header_footer","meta":{"pagelayer_contact_templates":[],"_pagelayer_content":"","postBodyCss":"","postBodyMargin":[],"postBodyPadding":[],"postBodyBackground":{"backgroundType":"classic","gradient":""},"site-sidebar-layout":"no-sidebar","site-content-layout":"","ast-site-content-layout":"full-width-container","site-content-style":"default","site-sidebar-style":"default","ast-global-header-display":"","ast-banner-title-visibility":"","ast-main-header-display":"","ast-hfb-above-header-display":"","ast-hfb-below-header-display":"","ast-hfb-mobile-header-display":"","site-post-title":"","ast-breadcrumbs-content":"","ast-featured-img":"disabled","footer-sml-layout":"","ast-disable-related-posts":"","theme-transparent-header-meta":"","adv-header-id-meta":"","stick-header-meta":"","header-above-stick-meta":"","header-main-stick-meta":"","header-below-stick-meta":"","astra-migrate-meta-layouts":"default","ast-page-background-enabled":"default","ast-page-background-meta":{"desktop":{"background-color":"var(--ast-global-color-5)","background-image":"","background-repeat":"repeat","background-position":"center center","background-size":"auto","background-attachment":"scroll","background-type":"","background-media":"","overlay-type":"","overlay-color":"","overlay-opacity":"","overlay-gradient":""},"tablet":{"background-color":"","background-image":"","background-repeat":"repeat","background-position":"center center","background-size":"auto","background-attachment":"scroll","background-type":"","background-media":"","overlay-type":"","overlay-color":"","overlay-opacity":"","overlay-gradient":""},"mobile":{"background-color":"","background-image":"","background-repeat":"repeat","background-position":"center center","background-size":"auto","background-attachment":"scroll","background-type":"","background-media":"","overlay-type":"","overlay-color":"","overlay-opacity":"","overlay-gradient":""}},"ast-content-background-meta":{"desktop":{"background-color":"var(--ast-global-color-4)","background-image":"","background-repeat":"repeat","background-position":"center center","background-size":"auto","background-attachment":"scroll","background-type":"","background-media":"","overlay-type":"","overlay-color":"","overlay-opacity":"","overlay-gradient":""},"tablet":{"background-color":"var(--ast-global-color-4)","background-image":"","background-repeat":"repeat","background-position":"center center","background-size":"auto","background-attachment":"scroll","background-type":"","background-media":"","overlay-type":"","overlay-color":"","overlay-opacity":"","overlay-gradient":""},"mobile":{"background-color":"var(--ast-global-color-4)","background-image":"","background-repeat":"repeat","background-position":"center center","background-size":"auto","background-attachment":"scroll","background-type":"","background-media":"","overlay-type":"","overlay-color":"","overlay-opacity":"","overlay-gradient":""}},"footnotes":""},"class_list":["post-1533","page","type-page","status-publish","hentry"],"_links":{"self":[{"href":"https:\/\/atlas-luxe.com\/en\/wp-json\/wp\/v2\/pages\/1533","targetHints":{"allow":["GET"]}}],"collection":[{"href":"https:\/\/atlas-luxe.com\/en\/wp-json\/wp\/v2\/pages"}],"about":[{"href":"https:\/\/atlas-luxe.com\/en\/wp-json\/wp\/v2\/types\/page"}],"author":[{"embeddable":true,"href":"https:\/\/atlas-luxe.com\/en\/wp-json\/wp\/v2\/users\/1"}],"replies":[{"embeddable":true,"href":"https:\/\/atlas-luxe.com\/en\/wp-json\/wp\/v2\/comments?post=1533"}],"version-history":[{"count":3,"href":"https:\/\/atlas-luxe.com\/en\/wp-json\/wp\/v2\/pages\/1533\/revisions"}],"predecessor-version":[{"id":2443,"href":"https:\/\/atlas-luxe.com\/en\/wp-json\/wp\/v2\/pages\/1533\/revisions\/2443"}],"wp:attachment":[{"href":"https:\/\/atlas-luxe.com\/en\/wp-json\/wp\/v2\/media?parent=1533"}],"curies":[{"name":"wp","href":"https:\/\/api.w.org\/{rel}","templated":true}]}}